{"id":65,"date":"2024-08-06T13:46:19","date_gmt":"2024-08-06T11:46:19","guid":{"rendered":"https:\/\/lasuze-catholique.fr\/?page_id=65"},"modified":"2026-04-22T08:39:19","modified_gmt":"2026-04-22T06:39:19","slug":"horaires-des-messes","status":"publish","type":"page","link":"https:\/\/lasuze-catholique.fr\/?page_id=65","title":{"rendered":"Horaires des messes"},"content":{"rendered":"\n<div class=\"wp-block-group alignwide is-layout-flow wp-block-group-is-layout-flow\">\n<h2 class=\"wp-block-heading has-accent-color has-text-color has-link-color wp-elements-dfa691eeaf3dd5461a3a5c515553180c\">Messes dominicales et f\u00eates<\/h2>\n\n\n\n<div class=\"EgliseInfo-container\"><div data-egliseinfo=\"horaires\" data-search=\"community:lm\/72\/paroisse-notre-dame-de-la-suze messe\" data-limit=\"5\" data-open-in-egliseinfo=\"true\"><\/div><script type=\"text\/javascript\" language=\"javascript\" src=\"https:\/\/messes.info\/\/Widget\/Widget.nocache.js\"><\/script>\n<\/div>\n\n\n\n<figure class=\"wp-block-image size-large is-resized\"><img loading=\"lazy\" decoding=\"async\" width=\"723\" height=\"1024\" src=\"https:\/\/lasuze-catholique.fr\/wp-content\/uploads\/2026\/02\/Horaires-messes-careme-2026-723x1024.jpg\" alt=\"\" class=\"wp-image-1312\" style=\"width:1280px;height:auto\" srcset=\"https:\/\/lasuze-catholique.fr\/wp-content\/uploads\/2026\/02\/Horaires-messes-careme-2026-723x1024.jpg 723w, https:\/\/lasuze-catholique.fr\/wp-content\/uploads\/2026\/02\/Horaires-messes-careme-2026-212x300.jpg 212w, https:\/\/lasuze-catholique.fr\/wp-content\/uploads\/2026\/02\/Horaires-messes-careme-2026-768x1087.jpg 768w, https:\/\/lasuze-catholique.fr\/wp-content\/uploads\/2026\/02\/Horaires-messes-careme-2026-1085x1536.jpg 1085w, https:\/\/lasuze-catholique.fr\/wp-content\/uploads\/2026\/02\/Horaires-messes-careme-2026.jpg 1239w\" sizes=\"auto, (max-width: 723px) 100vw, 723px\" \/><\/figure>\n\n\n\n<h2 class=\"wp-block-heading has-accent-color has-text-color has-link-color wp-elements-cdaeb3d2e76fd6fa91540de7dafb8b79\">Messes de semaine<\/h2>\n\n\n\n<div class=\"EgliseInfo-container\"><div data-egliseinfo=\"horaires\" data-search=\"community:lm\/72\/paroisse-notre-dame-de-la-suze semaine\" data-limit=\"1\" data-open-in-egliseinfo=\"true\"><\/div><script type=\"text\/javascript\" language=\"javascript\" src=\"https:\/\/messes.info\/\/Widget\/Widget.nocache.js\"><\/script>\n<p><\/div>\n\n\n\n<figure class=\"wp-block-image size-large\"><img loading=\"lazy\" decoding=\"async\" width=\"723\" height=\"1024\" src=\"https:\/\/lasuze-catholique.fr\/wp-content\/uploads\/2026\/02\/PARIGNE-Horaires-des-messes-mars-avril-2026-723x1024.jpg\" alt=\"\" class=\"wp-image-1325\" srcset=\"https:\/\/lasuze-catholique.fr\/wp-content\/uploads\/2026\/02\/PARIGNE-Horaires-des-messes-mars-avril-2026-723x1024.jpg 723w, https:\/\/lasuze-catholique.fr\/wp-content\/uploads\/2026\/02\/PARIGNE-Horaires-des-messes-mars-avril-2026-212x300.jpg 212w, https:\/\/lasuze-catholique.fr\/wp-content\/uploads\/2026\/02\/PARIGNE-Horaires-des-messes-mars-avril-2026-768x1087.jpg 768w, https:\/\/lasuze-catholique.fr\/wp-content\/uploads\/2026\/02\/PARIGNE-Horaires-des-messes-mars-avril-2026-1085x1536.jpg 1085w, https:\/\/lasuze-catholique.fr\/wp-content\/uploads\/2026\/02\/PARIGNE-Horaires-des-messes-mars-avril-2026.jpg 1239w\" sizes=\"auto, (max-width: 723px) 100vw, 723px\" \/><\/figure>\n\n\n\n<figure class=\"wp-block-image size-large\"><img loading=\"lazy\" decoding=\"async\" width=\"1024\" height=\"768\" src=\"https:\/\/lasuze-catholique.fr\/wp-content\/uploads\/2025\/10\/IMG_8766-1024x768.jpg\" alt=\"\" class=\"wp-image-1011\" srcset=\"https:\/\/lasuze-catholique.fr\/wp-content\/uploads\/2025\/10\/IMG_8766-1024x768.jpg 1024w, https:\/\/lasuze-catholique.fr\/wp-content\/uploads\/2025\/10\/IMG_8766-300x225.jpg 300w, https:\/\/lasuze-catholique.fr\/wp-content\/uploads\/2025\/10\/IMG_8766-768x576.jpg 768w, https:\/\/lasuze-catholique.fr\/wp-content\/uploads\/2025\/10\/IMG_8766-1536x1152.jpg 1536w, https:\/\/lasuze-catholique.fr\/wp-content\/uploads\/2025\/10\/IMG_8766-2048x1536.jpg 2048w\" sizes=\"auto, (max-width: 1024px) 100vw, 1024px\" \/><\/figure>\n\n\n\n<p>Messe \u00e0 l&rsquo;EHPAD de Ro\u00ebz\u00e9<\/p>\n\n\n\n<h2 class=\"wp-block-heading\"><\/h2>\n\n\n\n<h2 class=\"wp-block-heading has-accent-color has-text-color has-link-color wp-elements-15c4c03ed14440a862a40ad41f4283e6\">Adoration du Saint-Sacrement et confessions.<\/h2>\n\n\n\n<figure class=\"wp-block-image size-large\"><img loading=\"lazy\" decoding=\"async\" width=\"768\" height=\"1024\" src=\"http:\/\/lasuze-catholique.fr\/wp-content\/uploads\/2024\/09\/IMG_4103-768x1024.jpeg\" alt=\"\" class=\"wp-image-411\" srcset=\"https:\/\/lasuze-catholique.fr\/wp-content\/uploads\/2024\/09\/IMG_4103-768x1024.jpeg 768w, https:\/\/lasuze-catholique.fr\/wp-content\/uploads\/2024\/09\/IMG_4103-225x300.jpeg 225w, https:\/\/lasuze-catholique.fr\/wp-content\/uploads\/2024\/09\/IMG_4103-1152x1536.jpeg 1152w, https:\/\/lasuze-catholique.fr\/wp-content\/uploads\/2024\/09\/IMG_4103-1536x2048.jpeg 1536w, https:\/\/lasuze-catholique.fr\/wp-content\/uploads\/2024\/09\/IMG_4103-scaled.jpeg 1920w\" sizes=\"auto, (max-width: 768px) 100vw, 768px\" \/><\/figure>\n\n\n\n<p>Un jeudi par mois \u00e0 La Suze.<\/p>\n\n\n\n<p>Prochain rdv: Jeudi 7 mai de 19h \u00e0 20h.<\/p>\n\n\n\n<h2 class=\"wp-block-heading has-accent-color has-text-color has-link-color wp-elements-2e30e44b299c2c035b367134af93acd4\">Temps de pri\u00e8re \u00e0 Etival<\/h2>\n<\/div>\n\n\n\n<p>Temps de pri\u00e8re \u00e0 Etival: <\/p>\n\n\n\n<ul class=\"wp-block-list\">\n<li>vendredi 8 mai 2026 de 18h30 \u00e0 19h.<\/li>\n\n\n\n<li>vendredi 5 juin 2026 de 18h30 \u00e0 19h.<\/li>\n<\/ul>\n\n\n\n<p><\/p>\n","protected":false},"excerpt":{"rendered":"<p>Messes dominicales et f\u00eates Messes de semaine Messe \u00e0 l&rsquo;EHPAD de Ro\u00ebz\u00e9 Adoration du Saint-Sacrement et confessions. Un jeudi par mois \u00e0 La Suze. Prochain rdv: Jeudi 7 mai de 19h \u00e0 20h. Temps de pri\u00e8re \u00e0 Etival Temps de pri\u00e8re \u00e0 Etival:<\/p>\n","protected":false},"author":1,"featured_media":0,"parent":0,"menu_order":0,"comment_status":"closed","ping_status":"closed","template":"","meta":{"footnotes":""},"class_list":["post-65","page","type-page","status-publish","hentry"],"_links":{"self":[{"href":"https:\/\/lasuze-catholique.fr\/index.php?rest_route=\/wp\/v2\/pages\/65","targetHints":{"allow":["GET"]}}],"collection":[{"href":"https:\/\/lasuze-catholique.fr\/index.php?rest_route=\/wp\/v2\/pages"}],"about":[{"href":"https:\/\/lasuze-catholique.fr\/index.php?rest_route=\/wp\/v2\/types\/page"}],"author":[{"embeddable":true,"href":"https:\/\/lasuze-catholique.fr\/index.php?rest_route=\/wp\/v2\/users\/1"}],"replies":[{"embeddable":true,"href":"https:\/\/lasuze-catholique.fr\/index.php?rest_route=%2Fwp%2Fv2%2Fcomments&post=65"}],"version-history":[{"count":62,"href":"https:\/\/lasuze-catholique.fr\/index.php?rest_route=\/wp\/v2\/pages\/65\/revisions"}],"predecessor-version":[{"id":1362,"href":"https:\/\/lasuze-catholique.fr\/index.php?rest_route=\/wp\/v2\/pages\/65\/revisions\/1362"}],"wp:attachment":[{"href":"https:\/\/lasuze-catholique.fr\/index.php?rest_route=%2Fwp%2Fv2%2Fmedia&parent=65"}],"curies":[{"name":"wp","href":"https:\/\/api.w.org\/{rel}","templated":true}]}}